{"id":2620,"date":"2024-11-15T00:44:50","date_gmt":"2024-11-15T00:44:50","guid":{"rendered":"https:\/\/doriskemptner.com\/?post_type=product&#038;p=2620"},"modified":"2024-11-22T17:45:12","modified_gmt":"2024-11-22T17:45:12","slug":"tamya-shamanic-essential-oil-blend","status":"publish","type":"product","link":"https:\/\/doriskemptner.com\/de\/produkt\/tamya-shamanic-essential-oil-blend\/","title":{"rendered":"Tamya- Shamanic Essential Oil Blend"},"content":{"rendered":"<p class=\"translation-block\">Das ist das frischeste Unisex-\u00d6l aller meiner \u00e4therischen \u00d6le. Wei\u00dfer Tee lindert Symptome von Angstzust\u00e4nden, Schlaflosigkeit und Depressionen. \u00c4therisches Rosmarin\u00f6l lindert Stress, aktiviert und verbessert die Stimmung, w\u00e4hrend \u00e4therisches Limetten \u00d6l ein erfrischendes und belebendes Aroma hat, das dazu beitragen kann, Ihre Stimmung zu verbessern und Stress- und Angstgef\u00fchle zu reduzieren. Lavendel ist perfekt zum Entspannen. Diese einzigartige Mischung st\u00e4rkt speziell das Bauch-Chakra, das Selbstvertrauen und hat die F\u00e4higkeit die Heilung der Bauchorgane, wie Leber, Milz und Bauchspeicheldr\u00fcse, zu f\u00f6rdern.<\/p>\n<p><strong>Anwendung: <br>\nDiffuser\u2013 auf die Haut auftragen \u2013 zur Sch\u00f6nheitsroutine\/ Bad hinzuf\u00fcgen \u2013 als nat\u00fcrliches Parf\u00fcm verwenden<\/strong><\/p>\n<p class=\"translation-block\">Gr\u00f6\u00dfe: 10 ml<\/p>\n<p class=\"translation-block\">Preis: 24,90 Euro (zzgl. Versand \u2013 optional Abholung in Wien m\u00f6glich)<\/p>\n<p><strong><br>Vorsichtsma\u00dfnahmen f\u00fcr \u00e4therische \u00d6le:<\/strong><\/p>\n<ul>\n<li>F\u00fchren Sie vor der Hautanwendung einen Patch-Test durch.<\/li>\n<li>Bewahren Sie es au\u00dferhalb der Reichweite von Kindern auf.<\/li>\n<li>Verd\u00fcnnen Sie das \u00d6l bei Bedarf.<\/li>\n<\/ul>","protected":false},"excerpt":{"rendered":"<p>That\u2019s the freshest unisex essential oil of all my essential oils. Fresh White Tea oil alleviates symptoms of anxiety, insomnia and depression. Rosmary essential oil eases stress, activates and improves the mood while Kaffir Lime essential oil has a refreshing and uplifting aroma that can help improve your mood and reduce feelings of stress and [&hellip;]<\/p>","protected":false},"featured_media":2709,"comment_status":"open","ping_status":"closed","template":"","meta":[],"product_brand":[],"product_cat":[18],"product_tag":[],"class_list":{"0":"post-2620","1":"product","2":"type-product","3":"status-publish","4":"has-post-thumbnail","6":"product_cat-beauty-and-health","8":"entry","9":"has-media","11":"first","12":"instock","13":"shipping-taxable","14":"purchasable","15":"product-type-simple","16":"has-product-nav","17":"col","18":"span_1_of_4","19":"owp-content-center","20":"owp-thumbs-layout-horizontal","21":"owp-btn-big","22":"owp-tabs-layout-horizontal"},"_links":{"self":[{"href":"https:\/\/doriskemptner.com\/de\/wp-json\/wp\/v2\/product\/2620","targetHints":{"allow":["GET"]}}],"collection":[{"href":"https:\/\/doriskemptner.com\/de\/wp-json\/wp\/v2\/product"}],"about":[{"href":"https:\/\/doriskemptner.com\/de\/wp-json\/wp\/v2\/types\/product"}],"replies":[{"embeddable":true,"href":"https:\/\/doriskemptner.com\/de\/wp-json\/wp\/v2\/comments?post=2620"}],"wp:featuredmedia":[{"embeddable":true,"href":"https:\/\/doriskemptner.com\/de\/wp-json\/wp\/v2\/media\/2709"}],"wp:attachment":[{"href":"https:\/\/doriskemptner.com\/de\/wp-json\/wp\/v2\/media?parent=2620"}],"wp:term":[{"taxonomy":"product_brand","embeddable":true,"href":"https:\/\/doriskemptner.com\/de\/wp-json\/wp\/v2\/product_brand?post=2620"},{"taxonomy":"product_cat","embeddable":true,"href":"https:\/\/doriskemptner.com\/de\/wp-json\/wp\/v2\/product_cat?post=2620"},{"taxonomy":"product_tag","embeddable":true,"href":"https:\/\/doriskemptner.com\/de\/wp-json\/wp\/v2\/product_tag?post=2620"}],"curies":[{"name":"wp","href":"https:\/\/api.w.org\/{rel}","templated":true}]}}