{"id":2619,"date":"2024-11-15T00:43:09","date_gmt":"2024-11-15T00:43:09","guid":{"rendered":"https:\/\/doriskemptner.com\/?post_type=product&#038;p=2619"},"modified":"2025-04-12T18:48:15","modified_gmt":"2025-04-12T18:48:15","slug":"killa-shamanic-essential-oil-blend","status":"publish","type":"product","link":"https:\/\/doriskemptner.com\/de\/produkt\/killa-shamanic-essential-oil-blend\/","title":{"rendered":"Killa- Shamanic Essential Oil Blend"},"content":{"rendered":"<p><strong>Killa \u2013 der Mond<\/strong><\/p>\n<p>Diese 100 % nat\u00fcrliche \u00e4therische \u00d6lmischung ist s\u00fc\u00df und strahlend wie der Mond. Jumpoon-Bl\u00fcten\u00f6l, die traditionelle Blume von Koh Phangan, wirkt als s\u00fc\u00dfes Basis \u00d6l. Sie hilft dabei negative Emotionen <strong>sweet harmonizer<\/strong>. It releases negative emotions and is a unique flower for <strong>opening the heart<\/strong><\/p>\n<p class=\"translation-block\">zu verarbeiten und ist eine einzigartige Blume, die dazu beitragen kann, das Herzchakra zu \u00f6ffnen.\nLavendel ist perfekt zum Entspannen und zur St\u00e4rkung der Nierenkraft. In dieser Zusammensetzung kann es basierend auf den Erkenntnissen der chinesischen Medizin beide Nieren st\u00e4rken und wirkt dabei harmonisierend. \u00c4therisches Rosmarin\u00f6l lindert Stress, aktiviert und verbessert die Stimmung, w\u00e4hrend Jasmin Bl\u00fcten\u00f6l beruhigende Eigenschaften hat und Stress reduzieren kann.<\/p>\n<p><strong>Anwendung: <br>\nDiffuser\u2013 auf die Haut auftragen \u2013 zur Sch\u00f6nheitsroutine\/ Bad hinzuf\u00fcgen \u2013 als nat\u00fcrliches Parf\u00fcm verwenden<\/strong><\/p>\n<p class=\"translation-block\">Gr\u00f6\u00dfe: 10 ml<\/p>\n<p class=\"translation-block\">Preis: 24,90 Euro (zzgl. Versand \u2013 optional Abholung in Wien m\u00f6glich)<\/p>\n<p><strong><br>Vorsichtsma\u00dfnahmen f\u00fcr \u00e4therische \u00d6le:<\/strong><\/p>\n<ul>\n<li>F\u00fchren Sie vor der Hautanwendung einen Patch-Test durch.<\/li>\n<li>Bewahren Sie es au\u00dferhalb der Reichweite von Kindern auf.<\/li>\n<li>Verd\u00fcnnen Sie das \u00d6l bei Bedarf.<\/li>\n<\/ul>","protected":false},"excerpt":{"rendered":"<p>Killa- the Moon This 100% natural essential oil is sweet and glowy as the moon. Jumpoon flower oil, which is the traditional flower of Koh Phangan, acts as a sweet harmonizer. It releases negative emotions and is a unique flower for opening the heart Lavender is perfect to relax and for improving kidney strength. In [&hellip;]<\/p>","protected":false},"featured_media":2701,"comment_status":"open","ping_status":"closed","template":"","meta":[],"product_brand":[],"product_cat":[18],"product_tag":[],"class_list":{"0":"post-2619","1":"product","2":"type-product","3":"status-publish","4":"has-post-thumbnail","6":"product_cat-beauty-and-health","8":"entry","9":"has-media","11":"first","12":"instock","13":"shipping-taxable","14":"purchasable","15":"product-type-simple","16":"has-product-nav","17":"col","18":"span_1_of_4","19":"owp-content-center","20":"owp-thumbs-layout-horizontal","21":"owp-btn-big","22":"owp-tabs-layout-horizontal"},"_links":{"self":[{"href":"https:\/\/doriskemptner.com\/de\/wp-json\/wp\/v2\/product\/2619","targetHints":{"allow":["GET"]}}],"collection":[{"href":"https:\/\/doriskemptner.com\/de\/wp-json\/wp\/v2\/product"}],"about":[{"href":"https:\/\/doriskemptner.com\/de\/wp-json\/wp\/v2\/types\/product"}],"replies":[{"embeddable":true,"href":"https:\/\/doriskemptner.com\/de\/wp-json\/wp\/v2\/comments?post=2619"}],"wp:featuredmedia":[{"embeddable":true,"href":"https:\/\/doriskemptner.com\/de\/wp-json\/wp\/v2\/media\/2701"}],"wp:attachment":[{"href":"https:\/\/doriskemptner.com\/de\/wp-json\/wp\/v2\/media?parent=2619"}],"wp:term":[{"taxonomy":"product_brand","embeddable":true,"href":"https:\/\/doriskemptner.com\/de\/wp-json\/wp\/v2\/product_brand?post=2619"},{"taxonomy":"product_cat","embeddable":true,"href":"https:\/\/doriskemptner.com\/de\/wp-json\/wp\/v2\/product_cat?post=2619"},{"taxonomy":"product_tag","embeddable":true,"href":"https:\/\/doriskemptner.com\/de\/wp-json\/wp\/v2\/product_tag?post=2619"}],"curies":[{"name":"wp","href":"https:\/\/api.w.org\/{rel}","templated":true}]}}