{"id":2618,"date":"2024-11-15T00:41:02","date_gmt":"2024-11-15T00:41:02","guid":{"rendered":"https:\/\/doriskemptner.com\/?post_type=product&#038;p=2618"},"modified":"2024-11-30T03:12:20","modified_gmt":"2024-11-30T03:12:20","slug":"divine-asia-essential-oil-blend","status":"publish","type":"product","link":"https:\/\/doriskemptner.com\/de\/produkt\/divine-asia-essential-oil-blend\/","title":{"rendered":"Divine Asia Essential Oil Blend"},"content":{"rendered":"<p>Dieses \u00e4therische \u00d6l ist ein Schatz aus S\u00fcdostasien und eine einzigartige Mischung aus S\u00fcdostasien.<\/p>\n<p class=\"translation-block\">Es enth\u00e4lt 4 s\u00fcdostasiatische Blumen (Lotus, Keaw, Leelawadee, Gesorn B.) und wirkt als Herz-Chakra-Mischung, die die (Selbst-) Liebe unterst\u00fctzt. Dar\u00fcber hinaus verbessert es die Ruhe und Entspannung. Es ist das Bestseller-\u00d6l und ein perfektes Geschenk f\u00fcr alle, die mit einem nat\u00fcrlichen Duft in eine andere Welt entfliehen m\u00f6chten, eine Welt voller tropischer Freude und S\u00fc\u00dfe.<\/p>\n<p><strong>Anwendung: <br>\nDiffuser\u2013 auf die Haut auftragen \u2013 zur Sch\u00f6nheitsroutine\/ Bad hinzuf\u00fcgen \u2013 als nat\u00fcrliches Parf\u00fcm verwenden <\/strong><\/p>\n<p><strong>Parf\u00fcm<\/strong><\/p>\n<p class=\"translation-block\">Gr\u00f6\u00dfe: 10 ml<\/p>\n<p class=\"translation-block\">Preis: 24,90 Euro (zzgl. Versand \u2013 optional Abholung in Wien m\u00f6glich)<\/p>\n<p><strong><br>Vorsichtsma\u00dfnahmen f\u00fcr \u00e4therische \u00d6le:<\/strong><\/p>\n<ul>\n<li>F\u00fchren Sie vor der Hautanwendung einen Patch-Test durch.<\/li>\n<li>Bewahren Sie es au\u00dferhalb der Reichweite von Kindern auf.<\/li>\n<li>Verd\u00fcnnen Sie das \u00d6l bei Bedarf.<\/li>\n<\/ul>","protected":false},"excerpt":{"rendered":"<p>This essential oil is a treasure from southeast Asia and a unique blend which you might only be able to create in Asia. It contains 4 south east Asian flowers (Lotus, Keaw, Leelawadee, Gesorn B.) and acts as a heart chakra blend which supports (self) love. Besides this it improves good rest and relaxation. It [&hellip;]<\/p>","protected":false},"featured_media":2703,"comment_status":"open","ping_status":"closed","template":"","meta":[],"product_brand":[],"product_cat":[18],"product_tag":[],"class_list":{"0":"post-2618","1":"product","2":"type-product","3":"status-publish","4":"has-post-thumbnail","6":"product_cat-beauty-and-health","8":"entry","9":"has-media","11":"first","12":"instock","13":"shipping-taxable","14":"purchasable","15":"product-type-simple","16":"has-product-nav","17":"col","18":"span_1_of_4","19":"owp-content-center","20":"owp-thumbs-layout-horizontal","21":"owp-btn-big","22":"owp-tabs-layout-horizontal"},"_links":{"self":[{"href":"https:\/\/doriskemptner.com\/de\/wp-json\/wp\/v2\/product\/2618","targetHints":{"allow":["GET"]}}],"collection":[{"href":"https:\/\/doriskemptner.com\/de\/wp-json\/wp\/v2\/product"}],"about":[{"href":"https:\/\/doriskemptner.com\/de\/wp-json\/wp\/v2\/types\/product"}],"replies":[{"embeddable":true,"href":"https:\/\/doriskemptner.com\/de\/wp-json\/wp\/v2\/comments?post=2618"}],"wp:featuredmedia":[{"embeddable":true,"href":"https:\/\/doriskemptner.com\/de\/wp-json\/wp\/v2\/media\/2703"}],"wp:attachment":[{"href":"https:\/\/doriskemptner.com\/de\/wp-json\/wp\/v2\/media?parent=2618"}],"wp:term":[{"taxonomy":"product_brand","embeddable":true,"href":"https:\/\/doriskemptner.com\/de\/wp-json\/wp\/v2\/product_brand?post=2618"},{"taxonomy":"product_cat","embeddable":true,"href":"https:\/\/doriskemptner.com\/de\/wp-json\/wp\/v2\/product_cat?post=2618"},{"taxonomy":"product_tag","embeddable":true,"href":"https:\/\/doriskemptner.com\/de\/wp-json\/wp\/v2\/product_tag?post=2618"}],"curies":[{"name":"wp","href":"https:\/\/api.w.org\/{rel}","templated":true}]}}