{"id":2617,"date":"2024-11-15T00:37:45","date_gmt":"2024-11-15T00:37:45","guid":{"rendered":"https:\/\/doriskemptner.com\/?post_type=product&#038;p=2617"},"modified":"2024-11-22T17:45:29","modified_gmt":"2024-11-22T17:45:29","slug":"divine-earth-essential-oil-blend","status":"publish","type":"product","link":"https:\/\/doriskemptner.com\/de\/produkt\/divine-earth-essential-oil-blend\/","title":{"rendered":"Divine Earth Essential Oil Blend"},"content":{"rendered":"<p class=\"translation-block\">Dieses \u00e4therische \u00d6l ist eine Mischung aus Zedernholz, Weihrauch, wei\u00dfem Tee, schwarzem Pfeffer, Neroli und Ylang Ylang. Es handelt sich um eine Mischung zur St\u00e4rkung des ersten und des zweiten Chakras und ist einfach perfekt f\u00fcr diejenigen, die sich in einer hektischen Welt geerdeter f\u00fchlen m\u00f6chten.\nDar\u00fcber hinaus wirkt es als nat\u00fcrlicher Stressabbau, unterst\u00fctzt die Kreativit\u00e4t und steigert die Libido.<\/p>\n<p>Ich liebe es, diese bet\u00f6rende und einzigartige Mischung als 100 % nat\u00fcrliches Parf\u00fcm aufzutragen, sie in meiner Badewanne oder in einem Diffusor, auf meinem Kissen usw. zu verwenden.<\/p>\n<p><strong>Anwendung: <br>\nDiffuser\u2013 auf die Haut auftragen \u2013 zur Sch\u00f6nheitsroutine\/ Bad hinzuf\u00fcgen \u2013 als nat\u00fcrliches Parf\u00fcm verwenden<\/strong><\/p>\n<p class=\"translation-block\">Gr\u00f6\u00dfe: 10 ml<\/p>\n<p class=\"translation-block\">Preis: 24,90 Euro (zzgl. Versand \u2013 optional Abholung in Wien m\u00f6glich)<\/p>\n<p><strong><br>Vorsichtsma\u00dfnahmen f\u00fcr \u00e4therische \u00d6le:<\/strong><\/p>\n<ul>\n<li>F\u00fchren Sie vor der Hautanwendung einen Patch-Test durch.<\/li>\n<li>Bewahren Sie es au\u00dferhalb der Reichweite von Kindern auf.<\/li>\n<li>Verd\u00fcnnen Sie das \u00d6l bei Bedarf.<\/li>\n<\/ul>","protected":false},"excerpt":{"rendered":"<p>This essential oil is a mix of Cedarwood, Frankincense, White Tea, Black Pepper, Neroli and Ylang Ylang. It is a first and a second chakra blend and helps to balance and to support earthing, just perfect for those who like to feel grounded in a hectic world. Besides this it acts as a natural stress [&hellip;]<\/p>","protected":false},"featured_media":2705,"comment_status":"open","ping_status":"closed","template":"","meta":[],"product_brand":[],"product_cat":[18],"product_tag":[],"class_list":{"0":"post-2617","1":"product","2":"type-product","3":"status-publish","4":"has-post-thumbnail","6":"product_cat-beauty-and-health","8":"entry","9":"has-media","11":"first","12":"instock","13":"shipping-taxable","14":"purchasable","15":"product-type-simple","16":"has-product-nav","17":"col","18":"span_1_of_4","19":"owp-content-center","20":"owp-thumbs-layout-horizontal","21":"owp-btn-big","22":"owp-tabs-layout-horizontal"},"_links":{"self":[{"href":"https:\/\/doriskemptner.com\/de\/wp-json\/wp\/v2\/product\/2617","targetHints":{"allow":["GET"]}}],"collection":[{"href":"https:\/\/doriskemptner.com\/de\/wp-json\/wp\/v2\/product"}],"about":[{"href":"https:\/\/doriskemptner.com\/de\/wp-json\/wp\/v2\/types\/product"}],"replies":[{"embeddable":true,"href":"https:\/\/doriskemptner.com\/de\/wp-json\/wp\/v2\/comments?post=2617"}],"wp:featuredmedia":[{"embeddable":true,"href":"https:\/\/doriskemptner.com\/de\/wp-json\/wp\/v2\/media\/2705"}],"wp:attachment":[{"href":"https:\/\/doriskemptner.com\/de\/wp-json\/wp\/v2\/media?parent=2617"}],"wp:term":[{"taxonomy":"product_brand","embeddable":true,"href":"https:\/\/doriskemptner.com\/de\/wp-json\/wp\/v2\/product_brand?post=2617"},{"taxonomy":"product_cat","embeddable":true,"href":"https:\/\/doriskemptner.com\/de\/wp-json\/wp\/v2\/product_cat?post=2617"},{"taxonomy":"product_tag","embeddable":true,"href":"https:\/\/doriskemptner.com\/de\/wp-json\/wp\/v2\/product_tag?post=2617"}],"curies":[{"name":"wp","href":"https:\/\/api.w.org\/{rel}","templated":true}]}}