{"id":1887,"date":"2023-07-06T07:20:44","date_gmt":"2023-07-06T07:20:44","guid":{"rendered":"https:\/\/doriskemptner.online\/?post_type=product&#038;p=1887"},"modified":"2024-11-22T17:44:43","modified_gmt":"2024-11-22T17:44:43","slug":"yoni-egg-rosequartz","status":"publish","type":"product","link":"https:\/\/doriskemptner.com\/de\/produkt\/yoni-egg-rosequartz\/","title":{"rendered":"Yoni-Ei-Rosenquarz"},"content":{"rendered":"<p>Meine Yoni-Eier sind GIA-zertifiziert, gebohrt (dies muss sein, um die \u00dcbungen effektiv durchf\u00fchren zu k\u00f6nnen), 100 % nat\u00fcrliche, echte, hochwertige Steine.<br \/>\nRosenquarz hat eine besondere Wirkung auf das Herzchakra, er ist ein Stein, der zu mehr Verbundenheit und Selbstliebe f\u00fchrt. Es ist auch der ideale Stein f\u00fcr die Durchf\u00fchrung von Yoni-Ei-\u00dcbungen bei Vollmond. Mit den richtigen \u00dcbungen tr\u00e4gt dieser Stein dazu bei, den Beckenboden und die Organe des K\u00f6rpers zu st\u00e4rken. Auch in der Vagina gibt es verschiedene Akupressur Punkte.<br \/>\nDie bewusste Arbeit mit dem Yoni-Ei hilft, einen gesunden Energiefluss im K\u00f6rper zu f\u00f6rdern, sexuelle Traumata zu verarbeiten und Blockaden zu l\u00f6sen.<br \/>\nIch selbst habe meinen Sohn auf nat\u00fcrlichem Weg zur Welt gebracht und ich glaube, dass mir die Arbeit mit dem Yoni-Ei dabei geholfen hat. Auch nach der Schwangerschaft hat sich mein Beckenboden schnell regeneriert. Die aktivierten Nerven sorgen au\u00dferdem f\u00fcr intensivere Orgasmen.\n<br><br \/>\nI also give suitable yoni egg workshops (when booking the workshop, the egg will be less expensive J), which last one to two afternoons, depending on how deep you want to go. Due to time constraints, I rarely hold workshops, but I am open to an invitation, especially if several women have already gotten together. My workshops include the script and valuable knowledge of Mantak Chia, Minke de Vos and the Jade Temple in Thailand. I\u2019ve been attending myself various trainings on these topics for years and I find that there exists no work that goes deeper into female wounds and into a very intimate body work than working with yoni eggs and everything that goes with it.<br \/>\nMachen Sie sich bitte auch auf meinem YouTube-Kanal ein Bild von der wertvollen und befreienden Arbeit mit Yoni-Eiern.<\/p>\n<p>A link to it: <a href=\"https:\/\/youtu.be\/DF9JJjUDW-g\">https:\/\/youtu.be\/DF9JJjUDW-g<\/a><\/p>\n<p class=\"translation-block\">Gr\u00f6\u00dfe: mittel 43x30mm<\/p>","protected":false},"excerpt":{"rendered":"<p>My Yoni Eggs are GIA-certified, drilled (this must be in order to perform the exercises effectively), 100% natural, real, high-quality stones. Rose quartz has a special effect on the heart chakra, it is a stone that leads to more connection and self-love. It is also the ideal stone for performing Yoni Egg exercises at full [&hellip;]<\/p>","protected":false},"featured_media":2719,"comment_status":"open","ping_status":"closed","template":"","meta":[],"product_brand":[],"product_cat":[18],"product_tag":[],"class_list":{"0":"post-1887","1":"product","2":"type-product","3":"status-publish","4":"has-post-thumbnail","6":"product_cat-beauty-and-health","8":"entry","9":"has-media","11":"first","12":"instock","13":"shipping-taxable","14":"purchasable","15":"product-type-simple","16":"has-product-nav","17":"col","18":"span_1_of_4","19":"owp-content-center","20":"owp-thumbs-layout-horizontal","21":"owp-btn-big","22":"owp-tabs-layout-horizontal","23":"has-no-thumbnails"},"_links":{"self":[{"href":"https:\/\/doriskemptner.com\/de\/wp-json\/wp\/v2\/product\/1887","targetHints":{"allow":["GET"]}}],"collection":[{"href":"https:\/\/doriskemptner.com\/de\/wp-json\/wp\/v2\/product"}],"about":[{"href":"https:\/\/doriskemptner.com\/de\/wp-json\/wp\/v2\/types\/product"}],"replies":[{"embeddable":true,"href":"https:\/\/doriskemptner.com\/de\/wp-json\/wp\/v2\/comments?post=1887"}],"wp:featuredmedia":[{"embeddable":true,"href":"https:\/\/doriskemptner.com\/de\/wp-json\/wp\/v2\/media\/2719"}],"wp:attachment":[{"href":"https:\/\/doriskemptner.com\/de\/wp-json\/wp\/v2\/media?parent=1887"}],"wp:term":[{"taxonomy":"product_brand","embeddable":true,"href":"https:\/\/doriskemptner.com\/de\/wp-json\/wp\/v2\/product_brand?post=1887"},{"taxonomy":"product_cat","embeddable":true,"href":"https:\/\/doriskemptner.com\/de\/wp-json\/wp\/v2\/product_cat?post=1887"},{"taxonomy":"product_tag","embeddable":true,"href":"https:\/\/doriskemptner.com\/de\/wp-json\/wp\/v2\/product_tag?post=1887"}],"curies":[{"name":"wp","href":"https:\/\/api.w.org\/{rel}","templated":true}]}}