{"id":1884,"date":"2024-11-22T07:01:43","date_gmt":"2024-11-22T07:01:43","guid":{"rendered":"https:\/\/doriskemptner.online\/?post_type=product&#038;p=1884"},"modified":"2024-11-22T17:47:18","modified_gmt":"2024-11-22T17:47:18","slug":"gua-sha-stone-rose-quartz","status":"publish","type":"product","link":"https:\/\/doriskemptner.com\/de\/produkt\/gua-sha-stone-rose-quartz\/","title":{"rendered":"GUA SHA STEIN \u2013 ROSENQUARZ"},"content":{"rendered":"<p>Es besteht zu 100 % aus echtem Rosenquarz bester Qualit\u00e4t!<\/p>\n<p>Meiner Meinung nach ist dies oder der Jadestein das einzige Werkzeug, das Sie f\u00fcr Ihre t\u00e4gliche (am besten zwei Mal) GUA-SHA-Gesichtsmassage ben\u00f6tigen. Mit einem so kleinen, aber sehr praktischen Stein, der sich auch hervorragend f\u00fcr Reisen eignet, k\u00f6nnen Sie Akupressur Punkte in Ihrem Gesicht und am Hals aktivieren, was nicht nur zu einer reineren und sch\u00f6neren Haut f\u00fchrt, sondern auch zu einem ges\u00fcnderen Leben.<br \/>\nMeine GUA-SHA-Steine helfen bei der Linderung von Gesichtsspannungen, der Reduzierung von Augenschwellungen und der Verbesserung des Lymphflusses im ganzen K\u00f6rper. Unter Lymphfluss verstehen wir die Ableitung von Abfallfl\u00fcssigkeiten aus einem verspannten Bereich durch Massage von sanften bis festen Druck. Ich glaube, dass eine GUA-SHA-Massage eines der besten Anti-Aging- und Verj\u00fcngungsinstrumente ist und dass jede Frau und jeder Mann auf diesem Planeten es zumindest damit versucht haben sollte.<\/p>\n<p><strong>Meine pers\u00f6nlichen Empfehlungen:<\/strong><\/p>\n<ul>\n<li>Ich pers\u00f6nlich reinige meine Steine unter lauwarmem Trinkwasser und habe seitdem eine sehr saubere Haut. Wenn Sie das Gef\u00fchl haben Wasser ist zu wenig, reinigen Sie den Stein lieber in einem nat\u00fcrlichen Lavendel- oder Meersalzbad oder mit einer hochwertigen Seife.<\/li>\n<li>Ich verwende meinen GUA-SHA-Stein zweimal t\u00e4glich mit meinem Rosenserum, gemischt mit etwas \u00e4therischem \u00d6l und Mandel\u00f6l. Ich mische das alles in der Flasche mit dem Serum zusammen. Ich sch\u00fcttele es, bevor ich es verwende. Nach der Anwendung beginne ich mit der Massage und hier ist ein Video f\u00fcr Sie, wie Sie Ihre GUA-SHA-Massage durchf\u00fchren. Bitte dr\u00fccken Sie fest auf die Akupressur Punkte, da diese dadurch sehr gut aktiviert werden.<\/li>\n<\/ul>\n<p><strong>Wie verwende ich Ihr GUA SHA Tool?<\/strong><\/p>\n<p>Bitte folgen Sie diesem Link f\u00fcr mein Video. Ich hoffe, dass auch Sie diese Massagemethode einfach und effektiv finden werden, und freue mich \u00fcber Ihr Feedback unter meinen Videos. Danke sch\u00f6n!<\/p>\n<p><a href=\"https:\/\/www.youtube.com\/watch?v=4DqEVUoqzMc&amp;t=96s\" target=\"_blank\" rel=\"noopener\">https:\/\/www.youtube.com\/watch?v=4DqEVUoqzMc&amp;t=96s<\/a><\/p>\n<p><strong>So w\u00e4hlen Sie Ihren GUA-SHA-Stein aus<\/strong><\/p>\n<p>Ich pers\u00f6nlich habe beide Steine zu Hause und verwende im Winter oder in einem k\u00e4lteren Klima Rosenquarz und im Sommer oder in den Tropen Jade. Da es sich bei beiden um nicht por\u00f6se Steine handelt, absorbieren sie keine Produkte, die Sie auf Ihre Haut auftragen. Daher sind sie leicht zu reinigen und hygienisch zu verwenden.<\/p>\n<p><strong>Vorsichtsma\u00dfnahmen bei der Arbeit mit GUA-SHA-Stein:<\/strong><\/p>\n<ul>\n<li>Wenn Sie Botox-Injektionen durchf\u00fchren, warten Sie bitte mindestens 10 Tage, bis Sie den Stein erneut f\u00fcr Ihre Gesichtsmassage verwenden.<\/li>\n<li>Bitte achten Sie darauf, die GUA SHA-Steine nicht auf dem Boden zu zerschlagen, da diese zerbrechen k\u00f6nnen.<\/li>\n<\/ul>\n<p><strong>Vorteile einer Gua-Sha-Massage:<\/strong><\/p>\n<ul>\n<li>Sie steigert die Durchblutung und den Lymphfluss.<\/li>\n<li>Manche Menschen haben durch Z\u00e4hneknirschen Muskelverspannungen im Kiefer und k\u00f6nnen diese Verspannungen mit einer t\u00e4glichen Gua-Sha-Massage l\u00f6sen.<\/li>\n<li>Sie hilft bei der Stimulierung der Dermis, um die Kollagenproduktion zu unterst\u00fctzen.<\/li>\n<li>Gua-Sha l\u00f6st verstopfte Augen und kann entz\u00fcndete Augen lindern.<\/li>\n<li>Diese Massage hellt Ihren Teint auf und verleiht ihm einen strahlenden Glanz.<\/li>\n<\/ul>","protected":false},"excerpt":{"rendered":"<p>It consists of 100% real Rose quartz of the best quality! In my opinion this or the jade stone is the only tool which you will need for your daily (best two times) GUA SHA face massage. With such a small, but very practical stone, which is perfectly suitable for travelling as well, and you [&hellip;]<\/p>","protected":false},"featured_media":2711,"comment_status":"open","ping_status":"closed","template":"","meta":[],"product_brand":[],"product_cat":[18],"product_tag":[],"class_list":{"0":"post-1884","1":"product","2":"type-product","3":"status-publish","4":"has-post-thumbnail","6":"product_cat-beauty-and-health","8":"entry","9":"has-media","11":"first","12":"instock","13":"shipping-taxable","14":"purchasable","15":"product-type-simple","16":"has-product-nav","17":"col","18":"span_1_of_4","19":"owp-content-center","20":"owp-thumbs-layout-horizontal","21":"owp-btn-big","22":"owp-tabs-layout-horizontal","23":"has-no-thumbnails"},"_links":{"self":[{"href":"https:\/\/doriskemptner.com\/de\/wp-json\/wp\/v2\/product\/1884","targetHints":{"allow":["GET"]}}],"collection":[{"href":"https:\/\/doriskemptner.com\/de\/wp-json\/wp\/v2\/product"}],"about":[{"href":"https:\/\/doriskemptner.com\/de\/wp-json\/wp\/v2\/types\/product"}],"replies":[{"embeddable":true,"href":"https:\/\/doriskemptner.com\/de\/wp-json\/wp\/v2\/comments?post=1884"}],"wp:featuredmedia":[{"embeddable":true,"href":"https:\/\/doriskemptner.com\/de\/wp-json\/wp\/v2\/media\/2711"}],"wp:attachment":[{"href":"https:\/\/doriskemptner.com\/de\/wp-json\/wp\/v2\/media?parent=1884"}],"wp:term":[{"taxonomy":"product_brand","embeddable":true,"href":"https:\/\/doriskemptner.com\/de\/wp-json\/wp\/v2\/product_brand?post=1884"},{"taxonomy":"product_cat","embeddable":true,"href":"https:\/\/doriskemptner.com\/de\/wp-json\/wp\/v2\/product_cat?post=1884"},{"taxonomy":"product_tag","embeddable":true,"href":"https:\/\/doriskemptner.com\/de\/wp-json\/wp\/v2\/product_tag?post=1884"}],"curies":[{"name":"wp","href":"https:\/\/api.w.org\/{rel}","templated":true}]}}