{"id":1861,"date":"2023-07-06T06:12:58","date_gmt":"2023-07-06T06:12:58","guid":{"rendered":"https:\/\/doriskemptner.online\/?post_type=product&#038;p=1861"},"modified":"2024-12-07T12:47:53","modified_gmt":"2024-12-07T12:47:53","slug":"divine-mystic-essential-oil","status":"publish","type":"product","link":"https:\/\/doriskemptner.com\/de\/produkt\/divine-mystic-essential-oil\/","title":{"rendered":"Divine Mystic Essential Oil"},"content":{"rendered":"<p class=\"translation-block\">Dieses kraftvolle, 100% reine \u00e4therische \u00d6l ist das perfekte Geschenk f\u00fcr die geliebten M\u00e4nner in Ihrem Leben. Es duftet holzig, mystisch und erinnert an \"Tausendundeine Nacht.\"\n<br>\nModerne Studien haben gezeigt, dass PATCHOULI die Stimmung verbessern kann, da es die Produktion der Hormone Serotonin und Dopamin anregt, was zu einer Reduzierung von Stress f\u00fchrt. Einige aktive Inhaltsstoffe im Patchouli wirken beruhigend und f\u00f6rdern die Schlafqualit\u00e4t. Die Traditionelle Chinesische Medizin best\u00e4tigt, dass Patchouli die Libido steigern kann, indem es die Produktion von Sexualhormonen anregt, sexuelle \u00c4ngste lindert und Probleme wie Impotenz und Erektionsst\u00f6rungen behandelt.\n<br>\n\nMit seinen dunklen und mystischen Eigenschaften verleiht ZEDERNHOLZ dem DIVINE MASCULINE \u00e4therischen \u00d6l eine besondere Verbindung zu den Nieren, die als Ursprung von Essenz und Qi gelten. Zedernholz\u00f6l \u00f6ffnet den Ren Mai und hilft, Yin-Stagnation aufzul\u00f6sen. Es kl\u00e4rt Schleimhitze in der Lunge und verbessert die Durchblutung der Kopfhaut. Dies unterst\u00fctzt nicht nur das Haarwachstum und st\u00e4rkt die Haarfollikel, sondern reguliert auch die Talgdr\u00fcsen in der Kopfhaut und schafft somit eine wachstumsfreundlichere Umgebung. <br>\n\n\nSCHWARZER PFEFFER-\u00d6l ist ideal, um das Haarwachstum zu f\u00f6rdern, da es die Durchblutung der Haarwurzeln erh\u00f6ht. VETIVER hilft bei Stress, Nervosit\u00e4t, Schlaflosigkeit und emotionalen Traumata. Es wird auch bei Arthritis angewendet. Zusammen mit WEIHRAUCH, das die Atemfunktion verbessern, Stress reduzieren und die Hautgesundheit f\u00f6rdern kann, ist diese Mischung nicht nur ein sexy, maskulines, nat\u00fcrliches Parfum, sondern auch eine \u00e4u\u00dferst kraftvolle Pflanzenmedizin.<\/p>\n<p><strong>Meine pers\u00f6nlichen Empfehlungen und wie ich das DIVINE MASCULINE ESSENTIAL OIL verwende:<\/strong><\/p>\n<ul>\n<li class=\"translation-block\">Anti-Stress-Behandlung: Mischen Sie gleiche Teile des DIVINE FEMININE und des DIVINE MASCULINE \u00e4therischen \u00d6ls und tragen Sie es auf die Innenseite des Handgelenks auf.<\/li>\n<li>Ich pers\u00f6nlich verwende ein paar Tropfen in meinem Shampoo oder massiere meine Kopfhaut am Abend vor der Haarw\u00e4sche mit einigen Tropfen des \u00d6ls, um das Haarwachstum zu f\u00f6rdern und mich lange an lebendigem, gl\u00e4nzendem und gesundem Haar zu erfreuen.<\/li>\n<li><strong><strong><strong>Anwendung:<\/strong><br>\nDiffuser\u2013 auf die Haut auftragen \u2013 zur Sch\u00f6nheitsroutine\/ Bad hinzuf\u00fcgen \u2013 als nat\u00fcrliches Parf\u00fcm verwenden<\/strong><\/strong><\/li>\n<\/ul>\n<p class=\"translation-block\">Gr\u00f6\u00dfe: 10 ml<\/p>\n<p><strong><br>Vorsichtsma\u00dfnahmen f\u00fcr \u00e4therische \u00d6le:<\/strong><\/p>\n<ul>\n<li>F\u00fchren Sie vor der Hautanwendung einen Patch-Test durch.<\/li>\n<li>Bewahren Sie es au\u00dferhalb der Reichweite von Kindern auf.<\/li>\n<\/ul>\n<p>Verd\u00fcnnen Sie das \u00d6l bei Bedarf.<\/p>","protected":false},"excerpt":{"rendered":"<p>This potent, 100% pure, essential oil is a perfect gift for the beloved men in your life. It smells woody, mystical and it remembers of one thousand and one nights. Modern studies have found that PATCHOULI helps to boost one\u2019s mood as it stimulates the production of the two hormones serotonin and dopamine, which leads [&hellip;]<\/p>","protected":false},"featured_media":2546,"comment_status":"open","ping_status":"closed","template":"","meta":[],"product_brand":[],"product_cat":[18],"product_tag":[],"class_list":{"0":"post-1861","1":"product","2":"type-product","3":"status-publish","4":"has-post-thumbnail","6":"product_cat-beauty-and-health","8":"entry","9":"has-media","11":"first","12":"instock","13":"shipping-taxable","14":"purchasable","15":"product-type-simple","16":"has-product-nav","17":"col","18":"span_1_of_4","19":"owp-content-center","20":"owp-thumbs-layout-horizontal","21":"owp-btn-big","22":"owp-tabs-layout-horizontal"},"_links":{"self":[{"href":"https:\/\/doriskemptner.com\/de\/wp-json\/wp\/v2\/product\/1861","targetHints":{"allow":["GET"]}}],"collection":[{"href":"https:\/\/doriskemptner.com\/de\/wp-json\/wp\/v2\/product"}],"about":[{"href":"https:\/\/doriskemptner.com\/de\/wp-json\/wp\/v2\/types\/product"}],"replies":[{"embeddable":true,"href":"https:\/\/doriskemptner.com\/de\/wp-json\/wp\/v2\/comments?post=1861"}],"wp:featuredmedia":[{"embeddable":true,"href":"https:\/\/doriskemptner.com\/de\/wp-json\/wp\/v2\/media\/2546"}],"wp:attachment":[{"href":"https:\/\/doriskemptner.com\/de\/wp-json\/wp\/v2\/media?parent=1861"}],"wp:term":[{"taxonomy":"product_brand","embeddable":true,"href":"https:\/\/doriskemptner.com\/de\/wp-json\/wp\/v2\/product_brand?post=1861"},{"taxonomy":"product_cat","embeddable":true,"href":"https:\/\/doriskemptner.com\/de\/wp-json\/wp\/v2\/product_cat?post=1861"},{"taxonomy":"product_tag","embeddable":true,"href":"https:\/\/doriskemptner.com\/de\/wp-json\/wp\/v2\/product_tag?post=1861"}],"curies":[{"name":"wp","href":"https:\/\/api.w.org\/{rel}","templated":true}]}}