{"id":1850,"date":"2023-11-23T06:03:17","date_gmt":"2023-11-23T06:03:17","guid":{"rendered":"https:\/\/doriskemptner.online\/?post_type=product&#038;p=1850"},"modified":"2024-11-22T19:28:40","modified_gmt":"2024-11-22T19:28:40","slug":"divine-feminine-essential-oil","status":"publish","type":"product","link":"https:\/\/doriskemptner.com\/de\/produkt\/divine-feminine-essential-oil\/","title":{"rendered":"DIVINE FEMININE ESSENTIAL OIL"},"content":{"rendered":"<p>Dieses 100 % reine und nat\u00fcrliche \u00e4therische \u00d6l ist s\u00fc\u00df, frisch, feminin und sehr potent.<\/p>\n<p class=\"translation-block\">Es besteht aus reinem und hochkonzentriertem ORANGEN\u00d6L, das Wohlbefinden, Libido und Gl\u00fcck steigert, aber auch zusammen mit ROSMARIN bei PMS-Schmerzen als Stauungsl\u00f6ser wirkt. Rosmarin ist bekannt daf\u00fcr, bei Migr\u00e4ne, schwachem Ged\u00e4chtnis und Verdauungsproblemen hilfreich zu sein. In der Traditionellen Chinesischen Medizin wird Rosmarin verwendet, um Wind-Feucht-K\u00e4lte zu behandeln, Schleim zu l\u00f6sen und das Yang zu st\u00e4rken.\n<br>\nDer hohe Anteil an WEIHRAUCH verleiht dem FEMININE \u00e4therischen \u00d6l eine sehr hohe Frequenz, reduziert Angstgef\u00fchle, st\u00e4rkt das Immunsystem und mindert Anzeichen von Hautalterung.\n<br>\nLAVENDEL bek\u00e4mpft Stress und n\u00e4hrt die Batterien unseres K\u00f6rpers, die Nieren. In der Traditionellen Chinesischen Medizin wird Lavendel zur Behandlung von Unfruchtbarkeit und Angstzust\u00e4nden verwendet. Zusammen mit VANILLE\u00d6L, das beruhigend auf das Gehirn wirkt und bei Stress, Schlaflosigkeit und Reizbarkeit hilft, ist diese Mischung aus \u00e4therischen \u00d6len nicht nur ein k\u00f6stliches, nat\u00fcrliches Parfum, sondern auch eine \u00e4u\u00dferst kraftvolle Pflanzenmedizin.<\/p>\n<p><strong>Meine pers\u00f6nlichen Empfehlungen und wie ich das DIVINE FEMININE ESSENTIAL OIL verwende:<\/strong><\/p>\n<p class=\"translation-block\">Dieses \u00d6l ist sehr wirksam bei der Linderung von PMS-Schmerzen, Kr\u00e4mpfen und Stimmungsschwankungen, wie beispielsweise Wut- oder Traurigkeitstendenzen. Ich empfehle, einige Tropfen auf den Unterbauch aufzutragen, beginnend nach dem Eisprung bis zum dritten Tag Ihrer Periode. Falls Sie nicht unter starker Stagnation oder Schmerzen leiden, k\u00f6nnen Sie es auch nur 1\u20132 Tage vor Ihrer Periode oder am ersten Tag verwenden. Ich benutze einige Tropfen des reinen \u00d6ls, aber pr\u00fcfen Sie bitte vorher, ob Ihre Haut damit zurechtkommt und es nicht zu stark konzentriert ist. Andernfalls mischen Sie es mit einem hochwertigen K\u00f6rper\u00f6l oder einer Lotion.<br>\n\n<strong>MERKEN SIE SICH:<\/strong>\nWenn Sie Ihren Unterbauch am n\u00e4chsten Tag der Sonne aussetzen, verwenden Sie bitte einen Sonnenschutz. Dies gilt auch f\u00fcr das Gesicht. Dieses \u00d6l enth\u00e4lt hochkonzentriertes, 100% reines Orangen\u00f6l, das die Sonnenempfindlichkeit erh\u00f6ht.\n<br>\n<strong>Als Anti-Stress-Behandlung:<\/strong>\nMischen Sie gleiche Teile des DIVINE FEMININE und DIVINE MASCULINE \u00e4therischen \u00d6ls und tragen Sie es auf die innere Mulde des Handgelenks auf. <br>\n\nIch verwende eine sehr kleine Menge des DIVINE FEMININE \u00e4therischen \u00d6ls in meiner Nachtcreme, meinem Serum oder meiner Tagescreme mit anschlie\u00dfendem Sonnenschutz und genie\u00dfe die tief n\u00e4hrenden, reinigenden und Anti-Aging-Effekte des enthaltenen Vitamin C. Seit ich es benutze, habe ich keine Sonnenflecken oder Hyperpigmentierungen mehr bekommen, selbst nicht w\u00e4hrend meines Aufenthalts in den Tropen.<\/p>\n<p><strong>Anwendung: <br>\nDiffuser\u2013 auf die Haut auftragen \u2013 zur Sch\u00f6nheitsroutine\/ Bad hinzuf\u00fcgen \u2013 als nat\u00fcrliches Parf\u00fcm verwenden <\/strong><\/p>\n<p class=\"translation-block\">Gr\u00f6\u00dfe: 10 ml<\/p>\n<p><strong><br>Vorsichtsma\u00dfnahmen f\u00fcr \u00e4therische \u00d6le:<\/strong><\/p>\n<ul>\n<li>F\u00fchren Sie vor der Hautanwendung einen Patch-Test durch.<\/li>\n<li>Bewahren Sie es au\u00dferhalb der Reichweite von Kindern auf.<\/li>\n<li>F\u00fchren Sie vor der Hautanwendung einen Patch-Test durch.\nBewahren Sie es au\u00dferhalb der Reichweite von Kindern auf.\nVerd\u00fcnnen Sie das \u00d6l bei Bedarf (insbesondere das DIVINE FEMININE-\u00d6l muss bitte im Gesicht verd\u00fcnnt werden, da es sehr wirksam ist und so viel Vitamin C enth\u00e4lt).\nDas \u00e4therische \u00d6l FEMININE ist sehr intensiv. Es wird mit einem Verschluss und aus Sicherheitsgr\u00fcnden ohne der auf den Fotos gezeigten Pipette geliefert.<\/li>\n<\/ul>\n<p>The FEMININE essential oil is very powerful. It arrives with a plug and an additional dropper. If you transport it please use the plug for security issues. If you use the dropper try to keep the oil in a standing upright position. THANK YOU!<\/p>","protected":false},"excerpt":{"rendered":"<p>This 100% pure and natural essential oil is sweet, fresh, feminine and very effective. It consists of pure and highly concentrated ORANGE oil which increases well- being, libido and happiness, but also acts as a stagnation reliefer for PMS pain together with ROSMARY, which is known to be beneficial to help aid with migraines, poor [&hellip;]<\/p>","protected":false},"featured_media":2707,"comment_status":"open","ping_status":"closed","template":"","meta":[],"product_brand":[],"product_cat":[18],"product_tag":[],"class_list":{"0":"post-1850","1":"product","2":"type-product","3":"status-publish","4":"has-post-thumbnail","6":"product_cat-beauty-and-health","8":"entry","9":"has-media","11":"first","12":"instock","13":"shipping-taxable","14":"purchasable","15":"product-type-simple","16":"has-product-nav","17":"col","18":"span_1_of_4","19":"owp-content-center","20":"owp-thumbs-layout-horizontal","21":"owp-btn-big","22":"owp-tabs-layout-horizontal"},"_links":{"self":[{"href":"https:\/\/doriskemptner.com\/de\/wp-json\/wp\/v2\/product\/1850","targetHints":{"allow":["GET"]}}],"collection":[{"href":"https:\/\/doriskemptner.com\/de\/wp-json\/wp\/v2\/product"}],"about":[{"href":"https:\/\/doriskemptner.com\/de\/wp-json\/wp\/v2\/types\/product"}],"replies":[{"embeddable":true,"href":"https:\/\/doriskemptner.com\/de\/wp-json\/wp\/v2\/comments?post=1850"}],"wp:featuredmedia":[{"embeddable":true,"href":"https:\/\/doriskemptner.com\/de\/wp-json\/wp\/v2\/media\/2707"}],"wp:attachment":[{"href":"https:\/\/doriskemptner.com\/de\/wp-json\/wp\/v2\/media?parent=1850"}],"wp:term":[{"taxonomy":"product_brand","embeddable":true,"href":"https:\/\/doriskemptner.com\/de\/wp-json\/wp\/v2\/product_brand?post=1850"},{"taxonomy":"product_cat","embeddable":true,"href":"https:\/\/doriskemptner.com\/de\/wp-json\/wp\/v2\/product_cat?post=1850"},{"taxonomy":"product_tag","embeddable":true,"href":"https:\/\/doriskemptner.com\/de\/wp-json\/wp\/v2\/product_tag?post=1850"}],"curies":[{"name":"wp","href":"https:\/\/api.w.org\/{rel}","templated":true}]}}