{"id":9,"date":"2023-07-02T04:07:15","date_gmt":"2023-07-02T04:07:15","guid":{"rendered":"https:\/\/doriskemptner.online\/?page_id=9"},"modified":"2024-09-17T05:32:46","modified_gmt":"2024-09-17T05:32:46","slug":"about","status":"publish","type":"page","link":"https:\/\/doriskemptner.com\/de\/about\/","title":{"rendered":"\u00dcber"},"content":{"rendered":"<style>.elementor-9 .elementor-element.elementor-element-52da451:not(.elementor-motion-effects-element-type-background), .elementor-9 .elementor-element.elementor-element-52da451 > .elementor-motion-effects-container > .elementor-motion-effects-layer{background-color:#C78283;}.elementor-9 .elementor-element.elementor-element-52da451{transition:background 0.3s, border 0.3s, border-radius 0.3s, box-shadow 0.3s;padding:25px 0px 25px 0px;}.elementor-9 .elementor-element.elementor-element-52da451 > .elementor-background-overlay{transition:background 0.3s, border-radius 0.3s, opacity 0.3s;}.elementor-9 .elementor-element.elementor-element-75ed757{text-align:center;}.elementor-9 .elementor-element.elementor-element-75ed757 .elementor-heading-title{font-family:\"Tangerine\", Sans-serif;font-size:60px;font-weight:500;color:#FFFFFF;}.elementor-9 .elementor-element.elementor-element-49cd267:not(.elementor-motion-effects-element-type-background), .elementor-9 .elementor-element.elementor-element-49cd267 > .elementor-motion-effects-container > .elementor-motion-effects-layer{background-image:url(\"https:\/\/doriskemptner.com\/wp-content\/uploads\/2023\/07\/196_200_StyleUp_Sport_Yoga-page-001-scaled.jpg\");background-size:cover;}.elementor-9 .elementor-element.elementor-element-49cd267{transition:background 0.3s, border 0.3s, border-radius 0.3s, box-shadow 0.3s;padding:250px 0px 250px 0px;}.elementor-9 .elementor-element.elementor-element-49cd267 > .elementor-background-overlay{transition:background 0.3s, border-radius 0.3s, opacity 0.3s;}.elementor-9 .elementor-element.elementor-element-77e4a8c > .elementor-background-overlay{background-color:#F3D9DC;background-image:url(\"https:\/\/doriskemptner.com\/wp-content\/uploads\/2023\/07\/LOGO-for-background.png\");background-position:center center;background-repeat:no-repeat;opacity:0.97;}.elementor-9 .elementor-element.elementor-element-77e4a8c{margin-top:0px;margin-bottom:0px;padding:0px 0px 65px 0px;}.elementor-9 .elementor-element.elementor-element-4cf1af5 > .elementor-widget-container{padding:60px 0px 45px 0px;}.elementor-9 .elementor-element.elementor-element-4cf1af5{text-align:center;}.elementor-9 .elementor-element.elementor-element-4cf1af5 .elementor-heading-title{font-family:\"Tangerine\", Sans-serif;font-size:60px;font-weight:500;color:#DFAE7F;}.elementor-9 .elementor-element.elementor-element-23a670d{text-align:center;font-family:\"Raleway\", Sans-serif;font-size:16px;font-weight:400;color:#682D5C;}.elementor-9 .elementor-element.elementor-element-7064e10 > .elementor-widget-container{padding:0px 0px 0px 0px;}.elementor-9 .elementor-element.elementor-element-7064e10{text-align:center;font-family:\"Raleway\", Sans-serif;font-size:16px;font-weight:400;line-height:25px;color:#682D5C;}.elementor-9 .elementor-element.elementor-element-2f5fb49 > .elementor-widget-container{padding:0px 0px 0px 0px;}.elementor-9 .elementor-element.elementor-element-2f5fb49{text-align:center;font-family:\"Raleway\", Sans-serif;font-size:16px;font-weight:400;line-height:25px;color:#682D5C;}.elementor-9 .elementor-element.elementor-element-377f1fe > .elementor-widget-container{padding:0px 0px 0px 0px;}.elementor-9 .elementor-element.elementor-element-377f1fe{text-align:center;font-family:\"Raleway\", Sans-serif;font-size:16px;font-weight:400;line-height:25px;color:#682D5C;}.elementor-widget .tippy-tooltip .tippy-content{text-align:center;}@media(max-width:1024px){.elementor-9 .elementor-element.elementor-element-23a670d > .elementor-widget-container{padding:0px 20px 0px 20px;}.elementor-9 .elementor-element.elementor-element-23a670d{line-height:1.5em;}.elementor-9 .elementor-element.elementor-element-7064e10 > .elementor-widget-container{padding:0px 50px 0px 50px;}.elementor-9 .elementor-element.elementor-element-2f5fb49 > .elementor-widget-container{padding:0px 50px 0px 50px;}.elementor-9 .elementor-element.elementor-element-377f1fe > .elementor-widget-container{padding:0px 50px 0px 50px;}}@media(max-width:767px){.elementor-9 .elementor-element.elementor-element-52da451{padding:15px 0px 15px 0px;}.elementor-9 .elementor-element.elementor-element-75ed757 .elementor-heading-title{font-size:35px;}.elementor-9 .elementor-element.elementor-element-49cd267{padding:100px 0px 100px 0px;}.elementor-9 .elementor-element.elementor-element-4cf1af5 > .elementor-widget-container{padding:15px 15px 15px 15px;}.elementor-9 .elementor-element.elementor-element-4cf1af5 .elementor-heading-title{font-size:35px;}.elementor-9 .elementor-element.elementor-element-23a670d > .elementor-widget-container{padding:0px 0px 0px 0px;}.elementor-9 .elementor-element.elementor-element-7064e10 > .elementor-widget-container{padding:0px 0px 0px 0px;}.elementor-9 .elementor-element.elementor-element-2f5fb49 > .elementor-widget-container{padding:0px 0px 0px 0px;}.elementor-9 .elementor-element.elementor-element-377f1fe > .elementor-widget-container{padding:0px 0px 0px 0px;}}@media(min-width:1025px){.elementor-9 .elementor-element.elementor-element-49cd267:not(.elementor-motion-effects-element-type-background), .elementor-9 .elementor-element.elementor-element-49cd267 > .elementor-motion-effects-container > .elementor-motion-effects-layer{background-attachment:fixed;}}<\/style>\t\t<div data-elementor-type=\"wp-page\" data-elementor-id=\"9\" class=\"elementor elementor-9\" data-elementor-post-type=\"page\">\n\t\t\t\t\t\t<section class=\"elementor-section elementor-top-section elementor-element elementor-element-52da451 elementor-section-full_width elementor-section-height-default elementor-section-height-default\" data-id=\"52da451\" data-element_type=\"section\" data-settings=\"{&quot;background_background&quot;:&quot;classic&quot;}\">\n\t\t\t\t\t\t<div class=\"elementor-container elementor-column-gap-default\">\n\t\t\t\t\t<div class=\"elementor-column elementor-col-100 elementor-top-column elementor-element elementor-element-1350971\" data-id=\"1350971\" data-element_type=\"column\">\n\t\t\t<div class=\"elementor-widget-wrap elementor-element-populated\">\n\t\t\t\t\t\t<div class=\"elementor-element elementor-element-75ed757 elementor-invisible elementor-widget elementor-widget-heading\" data-id=\"75ed757\" data-element_type=\"widget\" data-settings=\"{&quot;_animation&quot;:&quot;slideInRight&quot;,&quot;element_pack_cursor_effects_image_src&quot;:{&quot;url&quot;:&quot;https:\\\/\\\/doriskemptner.com\\\/wp-content\\\/plugins\\\/elementor\\\/assets\\\/images\\\/placeholder.png&quot;,&quot;id&quot;:&quot;&quot;,&quot;size&quot;:&quot;&quot;}}\" data-widget_type=\"heading.default\">\n\t\t\t\t<div class=\"elementor-widget-container\">\n\t\t\t\t\t<h2 class=\"elementor-heading-title elementor-size-default\">\u00dcber Doris<\/h2>\t\t\t\t<\/div>\n\t\t\t\t<\/div>\n\t\t\t\t\t<\/div>\n\t\t<\/div>\n\t\t\t\t\t<\/div>\n\t\t<\/section>\n\t\t\t\t<section class=\"elementor-section elementor-top-section elementor-element elementor-element-49cd267 elementor-section-full_width elementor-section-height-default elementor-section-height-default\" data-id=\"49cd267\" data-element_type=\"section\" data-settings=\"{&quot;background_background&quot;:&quot;classic&quot;}\">\n\t\t\t\t\t\t<div class=\"elementor-container elementor-column-gap-no\">\n\t\t\t\t\t<div class=\"elementor-column elementor-col-100 elementor-top-column elementor-element elementor-element-b667d62\" data-id=\"b667d62\" data-element_type=\"column\">\n\t\t\t<div class=\"elementor-widget-wrap\">\n\t\t\t\t\t\t\t<\/div>\n\t\t<\/div>\n\t\t\t\t\t<\/div>\n\t\t<\/section>\n\t\t\t\t<section class=\"elementor-section elementor-top-section elementor-element elementor-element-77e4a8c elementor-section-full_width elementor-section-height-default elementor-section-height-default\" data-id=\"77e4a8c\" data-element_type=\"section\">\n\t\t\t\t\t\t\t<div class=\"elementor-background-overlay\"><\/div>\n\t\t\t\t\t\t\t<div class=\"elementor-container elementor-column-gap-default\">\n\t\t\t\t\t<div class=\"elementor-column elementor-col-100 elementor-top-column elementor-element elementor-element-e023649\" data-id=\"e023649\" data-element_type=\"column\">\n\t\t\t<div class=\"elementor-widget-wrap elementor-element-populated\">\n\t\t\t\t\t\t<section class=\"elementor-section elementor-inner-section elementor-element elementor-element-47af5bd elementor-section-boxed elementor-section-height-default elementor-section-height-default\" data-id=\"47af5bd\" data-element_type=\"section\">\n\t\t\t\t\t\t<div class=\"elementor-container elementor-column-gap-default\">\n\t\t\t\t\t<div class=\"elementor-column elementor-col-100 elementor-inner-column elementor-element elementor-element-fa614e2\" data-id=\"fa614e2\" data-element_type=\"column\">\n\t\t\t<div class=\"elementor-widget-wrap elementor-element-populated\">\n\t\t\t\t\t\t<div class=\"elementor-element elementor-element-4cf1af5 elementor-invisible elementor-widget elementor-widget-heading\" data-id=\"4cf1af5\" data-element_type=\"widget\" data-settings=\"{&quot;ep_widget_cf_confetti&quot;:&quot;yes&quot;,&quot;ep_widget_cf_start_velocity&quot;:{&quot;unit&quot;:&quot;px&quot;,&quot;size&quot;:50,&quot;sizes&quot;:[]},&quot;ep_widget_cf_colors&quot;:&quot;#D30C5C, #0EBCDC, #EAED41, #ED5A78, #DF33DF&quot;,&quot;_animation&quot;:&quot;slideInRight&quot;,&quot;ep_widget_cf_type&quot;:&quot;basic&quot;,&quot;ep_widget_cf_particle_count&quot;:{&quot;unit&quot;:&quot;px&quot;,&quot;size&quot;:&quot;&quot;,&quot;sizes&quot;:[]},&quot;ep_widget_cf_spread&quot;:{&quot;unit&quot;:&quot;px&quot;,&quot;size&quot;:&quot;&quot;,&quot;sizes&quot;:[]},&quot;ep_widget_cf_trigger_type&quot;:&quot;load&quot;}\" data-widget_type=\"heading.default\">\n\t\t\t\t<div class=\"elementor-widget-container\">\n\t\t\t\t\t<h2 class=\"elementor-heading-title elementor-size-default\">\u00dcber Doris<\/h2>\t\t\t\t<\/div>\n\t\t\t\t<\/div>\n\t\t\t\t<div class=\"elementor-element elementor-element-23a670d elementor-widget elementor-widget-text-editor\" data-id=\"23a670d\" data-element_type=\"widget\" data-widget_type=\"text-editor.default\">\n\t\t\t\t<div class=\"elementor-widget-container\">\n\t\t\t\t\t\t\t\t\t<p>Doris Kemptner studierte Philosophie, Psychologie, P\u00e4dagogik und Ern\u00e4hrung an Universit\u00e4ten in Wien und Madrid.<\/p>\t\t\t\t\t\t\t\t<\/div>\n\t\t\t\t<\/div>\n\t\t\t\t<div class=\"elementor-element elementor-element-7064e10 elementor-widget elementor-widget-text-editor\" data-id=\"7064e10\" data-element_type=\"widget\" data-widget_type=\"text-editor.default\">\n\t\t\t\t<div class=\"elementor-widget-container\">\n\t\t\t\t\t\t\t\t\tIhre Masterarbeit schrieb sie \u00fcber Yogaphilosophie. Sie machte ihren Reiki-Meister\/Lehrer 2015 im Orion Healing Center, Koh Phangan. Thailand. 2017 studierte Doris Ayurveda, das Kaola-System, Bhandas, im Shri Kali Ashram, Indien, wo sie eine 200-st\u00fcndige Ausbildung zur Ayurveda-Yoga-Lehrerin absolvierte, die die drei Doshas ausbalanciert und daher auch \u201eDrei-Dosha-Sequenz\u201c oder \u201eAyurvedisches Yoga\u201c genannt wird.\t\t\t\t\t\t\t\t<\/div>\n\t\t\t\t<\/div>\n\t\t\t\t<div class=\"elementor-element elementor-element-2f5fb49 elementor-widget elementor-widget-text-editor\" data-id=\"2f5fb49\" data-element_type=\"widget\" data-widget_type=\"text-editor.default\">\n\t\t\t\t<div class=\"elementor-widget-container\">\n\t\t\t\t\t\t\t\t\t<p>Ihr erstes 200-Stunden-YogalehrerInnen-Zertifikat erlangte Doris 2011 im Sanctuary in Koh Samui, Thailand. Dieses war f\u00fcr Hot Yoga. Doris tr\u00e4gt die Titel Miss Vienna 2005, Playmate und k\u00e4mpft insbesondere f\u00fcr ein ges\u00fcnderes K\u00f6rperbild von Models und Frauen im Allgemeinen. Sie unterrichtete an mehreren Schulen in \u00d6sterreich und arbeitet derzeit weltweit als Model, Yogalehrerin, Heilerin und Mama :).<\/p>\t\t\t\t\t\t\t\t<\/div>\n\t\t\t\t<\/div>\n\t\t\t\t<div class=\"elementor-element elementor-element-377f1fe elementor-widget elementor-widget-text-editor\" data-id=\"377f1fe\" data-element_type=\"widget\" data-widget_type=\"text-editor.default\">\n\t\t\t\t<div class=\"elementor-widget-container\">\n\t\t\t\t\t\t\t\t\tDoris h\u00e4lt au\u00dferdem Philosophievortr\u00e4ge und TCM-Ern\u00e4hrungsberatungen etc... Sie k\u00f6nnen sie auch in Fernsehsendungen, wie dem Yogamagazin von ORF Sport, finden, in denen sie spirituelles Wissen verbreitet.\t\t\t\t\t\t\t\t<\/div>\n\t\t\t\t<\/div>\n\t\t\t\t\t<\/div>\n\t\t<\/div>\n\t\t\t\t\t<\/div>\n\t\t<\/section>\n\t\t\t\t\t<\/div>\n\t\t<\/div>\n\t\t\t\t\t<\/div>\n\t\t<\/section>\n\t\t\t\t<section class=\"elementor-section elementor-top-section elementor-element elementor-element-8d639bf elementor-section-boxed elementor-section-height-default elementor-section-height-default\" data-id=\"8d639bf\" data-element_type=\"section\">\n\t\t\t\t\t\t<div class=\"elementor-container elementor-column-gap-default\">\n\t\t\t\t\t<div class=\"elementor-column elementor-col-100 elementor-top-column elementor-element elementor-element-adf8169\" data-id=\"adf8169\" data-element_type=\"column\">\n\t\t\t<div class=\"elementor-widget-wrap elementor-element-populated\">\n\t\t\t\t\t\t<div class=\"elementor-element elementor-element-3e2281f elementor-widget elementor-widget-image\" data-id=\"3e2281f\" data-element_type=\"widget\" data-widget_type=\"image.default\">\n\t\t\t\t<div class=\"elementor-widget-container\">\n\t\t\t\t\t\t\t\t\t\t\t\t\t\t\t<img fetchpriority=\"high\" decoding=\"async\" width=\"1024\" height=\"649\" src=\"https:\/\/doriskemptner.com\/wp-content\/uploads\/2024\/09\/VERY-VIENNA-1-1024x649.jpg\" class=\"attachment-large size-large wp-image-2408\" alt=\"\" srcset=\"https:\/\/doriskemptner.com\/wp-content\/uploads\/2024\/09\/VERY-VIENNA-1-1024x649.jpg 1024w, https:\/\/doriskemptner.com\/wp-content\/uploads\/2024\/09\/VERY-VIENNA-1-scaled-1462x926.jpg 1462w, https:\/\/doriskemptner.com\/wp-content\/uploads\/2024\/09\/VERY-VIENNA-1-300x190.jpg 300w, https:\/\/doriskemptner.com\/wp-content\/uploads\/2024\/09\/VERY-VIENNA-1-768x487.jpg 768w, https:\/\/doriskemptner.com\/wp-content\/uploads\/2024\/09\/VERY-VIENNA-1-1536x973.jpg 1536w, https:\/\/doriskemptner.com\/wp-content\/uploads\/2024\/09\/VERY-VIENNA-1-2048x1297.jpg 2048w\" sizes=\"(max-width: 1024px) 100vw, 1024px\" \/>\t\t\t\t\t\t\t\t\t\t\t\t\t\t\t<\/div>\n\t\t\t\t<\/div>\n\t\t\t\t\t<\/div>\n\t\t<\/div>\n\t\t\t\t\t<\/div>\n\t\t<\/section>\n\t\t\t\t<section class=\"elementor-section elementor-top-section elementor-element elementor-element-8f02bde elementor-section-boxed elementor-section-height-default elementor-section-height-default\" data-id=\"8f02bde\" data-element_type=\"section\">\n\t\t\t\t\t\t<div class=\"elementor-container elementor-column-gap-default\">\n\t\t\t\t\t<div class=\"elementor-column elementor-col-100 elementor-top-column elementor-element elementor-element-d978b58\" data-id=\"d978b58\" data-element_type=\"column\">\n\t\t\t<div class=\"elementor-widget-wrap\">\n\t\t\t\t\t\t\t<\/div>\n\t\t<\/div>\n\t\t\t\t\t<\/div>\n\t\t<\/section>\n\t\t\t\t<\/div>","protected":false},"excerpt":{"rendered":"<p>About Doris About Doris Doris Kemptner studied Philosophy, Psychology, Pedagogy and Nutrition at Universities in Vienna and Madrid. Her masters thesis was written on Yogaphilosophy. She made her Reiki Master\/Teacher 2015 at Orion Healing Center, Koh Phangan. Thailand. In 2017 Doris studied Ayurveda, the Kaola System. Bhandas, at Shri Kali Ashram, India, where she completed [&hellip;]<\/p>","protected":false},"author":1,"featured_media":0,"parent":0,"menu_order":0,"comment_status":"closed","ping_status":"closed","template":"elementor_header_footer","meta":{"footnotes":""},"class_list":["post-9","page","type-page","status-publish","hentry","entry","owp-thumbs-layout-horizontal","owp-btn-big","owp-tabs-layout-horizontal","has-no-thumbnails","has-product-nav"],"_links":{"self":[{"href":"https:\/\/doriskemptner.com\/de\/wp-json\/wp\/v2\/pages\/9","targetHints":{"allow":["GET"]}}],"collection":[{"href":"https:\/\/doriskemptner.com\/de\/wp-json\/wp\/v2\/pages"}],"about":[{"href":"https:\/\/doriskemptner.com\/de\/wp-json\/wp\/v2\/types\/page"}],"author":[{"embeddable":true,"href":"https:\/\/doriskemptner.com\/de\/wp-json\/wp\/v2\/users\/1"}],"replies":[{"embeddable":true,"href":"https:\/\/doriskemptner.com\/de\/wp-json\/wp\/v2\/comments?post=9"}],"version-history":[{"count":101,"href":"https:\/\/doriskemptner.com\/de\/wp-json\/wp\/v2\/pages\/9\/revisions"}],"predecessor-version":[{"id":2423,"href":"https:\/\/doriskemptner.com\/de\/wp-json\/wp\/v2\/pages\/9\/revisions\/2423"}],"wp:attachment":[{"href":"https:\/\/doriskemptner.com\/de\/wp-json\/wp\/v2\/media?parent=9"}],"curies":[{"name":"wp","href":"https:\/\/api.w.org\/{rel}","templated":true}]}}