{"id":8,"date":"2023-07-02T04:06:34","date_gmt":"2023-07-02T04:06:34","guid":{"rendered":"https:\/\/doriskemptner.online\/?page_id=8"},"modified":"2025-03-09T20:38:53","modified_gmt":"2025-03-09T20:38:53","slug":"home","status":"publish","type":"page","link":"https:\/\/doriskemptner.com\/de\/","title":{"rendered":"Home"},"content":{"rendered":"<style>.elementor-8 .elementor-element.elementor-element-c3f0f63{border-style:solid;border-width:10px 0px 10px 0px;border-color:#D8A97F;}.elementor-8 .elementor-element.elementor-element-03a6dbd .elementor-repeater-item-1b13f1d .swiper-slide-bg{background-color:#833ca3;background-image:url(https:\/\/doriskemptner.com\/wp-content\/uploads\/2023\/07\/312A0429-Edit-Edit-1.jpg);background-size:cover;}.elementor-8 .elementor-element.elementor-element-03a6dbd .elementor-repeater-item-3190b5a .swiper-slide-bg{background-color:#833ca3;background-image:url(https:\/\/doriskemptner.com\/wp-content\/uploads\/2023\/07\/312A4382-Edit.jpg);background-size:cover;}.elementor-8 .elementor-element.elementor-element-03a6dbd .elementor-repeater-item-7663377 .swiper-slide-bg{background-color:#833ca3;background-image:url(https:\/\/doriskemptner.com\/wp-content\/uploads\/2023\/07\/312A0345-Edit.jpg);background-size:cover;}.elementor-8 .elementor-element.elementor-element-03a6dbd .elementor-repeater-item-78d7547 .swiper-slide-bg{background-color:#833ca3;background-image:url(https:\/\/doriskemptner.com\/wp-content\/uploads\/2023\/07\/312A0242-Edit-1.jpg);background-size:cover;}.elementor-8 .elementor-element.elementor-element-03a6dbd .elementor-repeater-item-d7c654b .swiper-slide-bg{background-color:#833ca3;background-image:url(https:\/\/doriskemptner.com\/wp-content\/uploads\/2023\/07\/312A0179-Edit-1.jpg);background-size:cover;}.elementor-8 .elementor-element.elementor-element-03a6dbd .swiper-slide{transition-duration:calc(6000ms*1.2);height:750px;}.elementor-8 .elementor-element.elementor-element-03a6dbd .swiper-slide-contents{max-width:66%;}.elementor-8 .elementor-element.elementor-element-03a6dbd .swiper-slide-inner{text-align:center;}.elementor-8 .elementor-element.elementor-element-03a6dbd .swiper-pagination-bullet:not(.swiper-pagination-bullet-active){background-color:#FFFFFF;opacity:1;}.elementor-8 .elementor-element.elementor-element-03a6dbd .swiper-pagination-bullet-active{background-color:var( --e-global-color-0fb1fea );}.elementor-8 .elementor-element.elementor-element-190839e .bdt-slider .bdt-slide-item{height:750px;background-color:#14ABF400;}.elementor-8 .elementor-element.elementor-element-4031160{border-style:solid;border-width:0px 0px 10px 0px;border-color:#D8A97F;}.elementor-8 .elementor-element.elementor-element-c64bec3 > .elementor-background-overlay{background-color:#FFEFF1;background-image:url(\"https:\/\/doriskemptner.com\/wp-content\/uploads\/2023\/07\/LOGO-for-background.png\");background-position:center center;background-repeat:no-repeat;opacity:1;transition:background 0.3s, border-radius 0.3s, opacity 0.3s;}.elementor-8 .elementor-element.elementor-element-c64bec3{transition:background 0.3s, border 0.3s, border-radius 0.3s, box-shadow 0.3s;padding:50px 0px 50px 0px;}.elementor-8 .elementor-element.elementor-element-b3f06cb{text-align:center;}.elementor-8 .elementor-element.elementor-element-b3f06cb .elementor-heading-title{font-family:\"Tangerine\", Sans-serif;font-size:60px;font-weight:600;color:#D8A97F;}.elementor-8 .elementor-element.elementor-element-b77daa4{text-align:center;font-family:\"Raleway\", Sans-serif;font-size:16px;font-weight:400;line-height:1.6em;color:#6B2D5C;}.elementor-8 .elementor-element.elementor-element-ab7709d .elementor-button{background-color:#D8A97F;font-family:\"Raleway\", Sans-serif;font-size:16px;font-weight:400;fill:#FFFFFF;color:#FFFFFF;border-style:none;}.elementor-8 .elementor-element.elementor-element-ab7709d .elementor-button:hover, .elementor-8 .elementor-element.elementor-element-ab7709d .elementor-button:focus{background-color:#FCA4B5;color:#FFFFFF;}.elementor-8 .elementor-element.elementor-element-ab7709d .elementor-button:hover svg, .elementor-8 .elementor-element.elementor-element-ab7709d .elementor-button:focus svg{fill:#FFFFFF;}.elementor-widget .tippy-tooltip .tippy-content{text-align:center;}@media(max-width:1024px){.elementor-8 .elementor-element.elementor-element-190839e .bdt-slider .bdt-slide-item{height:500px;}}@media(max-width:767px){.elementor-8 .elementor-element.elementor-element-03a6dbd .swiper-slide{height:250px;}.elementor-8 .elementor-element.elementor-element-190839e .bdt-slider .bdt-slide-item{height:250px;}.elementor-8 .elementor-element.elementor-element-b3f06cb .elementor-heading-title{font-size:35px;}}<\/style>\t\t<div data-elementor-type=\"wp-page\" data-elementor-id=\"8\" class=\"elementor elementor-8\" data-elementor-post-type=\"page\">\n\t\t\t\t\t\t<section class=\"elementor-section elementor-top-section elementor-element elementor-element-c3f0f63 elementor-section-full_width elementor-section-height-default elementor-section-height-default\" data-id=\"c3f0f63\" data-element_type=\"section\">\n\t\t\t\t\t\t<div class=\"elementor-container elementor-column-gap-no\">\n\t\t\t\t\t<div class=\"elementor-column elementor-col-100 elementor-top-column elementor-element elementor-element-646923d\" data-id=\"646923d\" data-element_type=\"column\">\n\t\t\t<div class=\"elementor-widget-wrap elementor-element-populated\">\n\t\t\t\t\t\t<div class=\"elementor-element elementor-element-03a6dbd elementor--h-position-center elementor--v-position-middle elementor-arrows-position-inside elementor-pagination-position-inside elementor-widget elementor-widget-slides\" data-id=\"03a6dbd\" data-element_type=\"widget\" data-settings=\"{&quot;autoplay_speed&quot;:6000,&quot;transition_speed&quot;:2000,&quot;navigation&quot;:&quot;both&quot;,&quot;autoplay&quot;:&quot;yes&quot;,&quot;pause_on_hover&quot;:&quot;yes&quot;,&quot;pause_on_interaction&quot;:&quot;yes&quot;,&quot;infinite&quot;:&quot;yes&quot;,&quot;transition&quot;:&quot;slide&quot;}\" data-widget_type=\"slides.default\">\n\t\t\t\t<div class=\"elementor-widget-container\">\n\t\t\t\t\t\t\t\t\t<div class=\"elementor-swiper\">\n\t\t\t\t\t<div class=\"elementor-slides-wrapper elementor-main-swiper swiper\" role=\"region\" aria-roledescription=\"carousel\" aria-label=\"Slides\" dir=\"ltr\" data-animation=\"zoomIn\">\n\t\t\t\t<div class=\"swiper-wrapper elementor-slides\">\n\t\t\t\t\t\t\t\t\t\t<div class=\"elementor-repeater-item-1b13f1d swiper-slide\" role=\"group\" aria-roledescription=\"slide\"><div class=\"swiper-slide-bg\" role=\"img\" aria-label=\"312A0429-Edit-Edit-1\"><\/div><div class=\"swiper-slide-inner\" ><div class=\"swiper-slide-contents\"><\/div><\/div><\/div><div class=\"elementor-repeater-item-3190b5a swiper-slide\" role=\"group\" aria-roledescription=\"slide\"><div class=\"swiper-slide-bg\" role=\"img\" aria-label=\"312A4382-Edit\"><\/div><div class=\"swiper-slide-inner\" ><div class=\"swiper-slide-contents\"><\/div><\/div><\/div><div class=\"elementor-repeater-item-7663377 swiper-slide\" role=\"group\" aria-roledescription=\"slide\"><div class=\"swiper-slide-bg\" role=\"img\" aria-label=\"312A0345-Edit\"><\/div><div class=\"swiper-slide-inner\" ><div class=\"swiper-slide-contents\"><\/div><\/div><\/div><div class=\"elementor-repeater-item-78d7547 swiper-slide\" role=\"group\" aria-roledescription=\"slide\"><div class=\"swiper-slide-bg\" role=\"img\" aria-label=\"312A0242-Edit-1\"><\/div><div class=\"swiper-slide-inner\" ><div class=\"swiper-slide-contents\"><\/div><\/div><\/div><div class=\"elementor-repeater-item-d7c654b swiper-slide\" role=\"group\" aria-roledescription=\"slide\"><div class=\"swiper-slide-bg\" role=\"img\" aria-label=\"312A0179-Edit-1\"><\/div><div class=\"swiper-slide-inner\" ><div class=\"swiper-slide-contents\"><\/div><\/div><\/div>\t\t\t\t<\/div>\n\t\t\t\t\t\t\t\t\t\t\t\t\t\t\t<div class=\"elementor-swiper-button elementor-swiper-button-prev\" role=\"button\" tabindex=\"0\" aria-label=\"Previous slide\">\n\t\t\t\t\t\t\t<i aria-hidden=\"true\" class=\"eicon-chevron-left\"><\/i>\t\t\t\t\t\t<\/div>\n\t\t\t\t\t\t<div class=\"elementor-swiper-button elementor-swiper-button-next\" role=\"button\" tabindex=\"0\" aria-label=\"Next slide\">\n\t\t\t\t\t\t\t<i aria-hidden=\"true\" class=\"eicon-chevron-right\"><\/i>\t\t\t\t\t\t<\/div>\n\t\t\t\t\t\t\t\t\t\t\t\t\t\t\t\t<div class=\"swiper-pagination\"><\/div>\n\t\t\t\t\t\t\t\t\t\t\t\t<\/div>\n\t\t\t\t<\/div>\n\t\t\t\t\t\t\t\t<\/div>\n\t\t\t\t<\/div>\n\t\t\t\t<div class=\"elementor-element elementor-element-190839e bdt-navigation-type-none elementor-hidden-desktop elementor-hidden-tablet elementor-hidden-mobile elementor-align-center elementor-widget elementor-widget-bdt-slider\" data-id=\"190839e\" data-element_type=\"widget\" data-settings=\"{&quot;_animation&quot;:&quot;none&quot;}\" data-widget_type=\"bdt-slider.default\">\n\t\t\t\t<div class=\"elementor-widget-container\">\n\t\t\t\t\t\t\t<div id=\"bdt-slider-190839e\" class=\"bdt-slider\" data-settings=\"{&quot;autoplay&quot;:{&quot;delay&quot;:6000},&quot;loop&quot;:true,&quot;speed&quot;:2000,&quot;effect&quot;:&quot;cube&quot;,&quot;navigation&quot;:{&quot;nextEl&quot;:&quot;#bdt-slider-190839e .bdt-navigation-next&quot;,&quot;prevEl&quot;:&quot;#bdt-slider-190839e .bdt-navigation-prev&quot;},&quot;pagination&quot;:{&quot;el&quot;:&quot;#bdt-slider-190839e .swiper-pagination&quot;,&quot;type&quot;:&quot;&quot;,&quot;clickable&quot;:&quot;true&quot;,&quot;dynamicBullets&quot;:false},&quot;scrollbar&quot;:{&quot;el&quot;:&quot;#bdt-slider-190839e .swiper-scrollbar&quot;,&quot;hide&quot;:&quot;true&quot;}}\">\n\t\t\t<div class=\"swiper-carousel swiper-container\">\n\t\t\t\t\t\t<div class=\"swiper-wrapper\">\n\t\t\t\t\t\t\n\t\t\t\t\t\t\t\t<div class=\"bdt-slide-item swiper-slide bdt-slide-effect-left\">\n\n\t\t\t\t\t\n\t\t\t\t\t\t\t\t\t\t\t\t\t<div class=\"bdt-slider-image-wrapper\">\n\t\t\t\t\t\t\t\t<img fetchpriority=\"high\" decoding=\"async\" width=\"2000\" height=\"1143\" src=\"https:\/\/doriskemptner.com\/wp-content\/uploads\/2023\/07\/312A0345-Edit.jpg\" class=\"bdt-cover\" alt=\"\" data-bdt-cover=\"1\" srcset=\"https:\/\/doriskemptner.com\/wp-content\/uploads\/2023\/07\/312A0345-Edit.jpg 2000w, https:\/\/doriskemptner.com\/wp-content\/uploads\/2023\/07\/312A0345-Edit-1462x836.jpg 1462w, https:\/\/doriskemptner.com\/wp-content\/uploads\/2023\/07\/312A0345-Edit-300x171.jpg 300w, https:\/\/doriskemptner.com\/wp-content\/uploads\/2023\/07\/312A0345-Edit-1024x585.jpg 1024w, https:\/\/doriskemptner.com\/wp-content\/uploads\/2023\/07\/312A0345-Edit-768x439.jpg 768w, https:\/\/doriskemptner.com\/wp-content\/uploads\/2023\/07\/312A0345-Edit-1536x878.jpg 1536w\" sizes=\"(max-width: 2000px) 100vw, 2000px\" \/>\t\t\t\t\t\t\t<\/div>\n\t\t\t\t\t\t\n\t\t\t\t\t\t<div class=\"bdt-slide-desc bdt-position-large bdt-position-center bdt-position-z-index\">\n\n\t\t\t\t\t\t\t\n\t\t\t\t\t\t\t\n\t\t\t\t\t\t\t\t\t\t\t\t\t<\/div>\n\n\t\t\t\t\t\n\t\t\t\t<\/div>\n\t\t\t\n\t\t\t\t\t\t\t\t<div class=\"bdt-slide-item swiper-slide bdt-slide-effect-left\">\n\n\t\t\t\t\t\n\t\t\t\t\t\t\t\t\t\t\t\t\t<div class=\"bdt-slider-image-wrapper\">\n\t\t\t\t\t\t\t\t<img decoding=\"async\" width=\"2000\" height=\"1143\" src=\"https:\/\/doriskemptner.com\/wp-content\/uploads\/2023\/07\/312A0429-Edit-Edit-1.jpg\" class=\"bdt-cover\" alt=\"\" data-bdt-cover=\"1\" srcset=\"https:\/\/doriskemptner.com\/wp-content\/uploads\/2023\/07\/312A0429-Edit-Edit-1.jpg 2000w, https:\/\/doriskemptner.com\/wp-content\/uploads\/2023\/07\/312A0429-Edit-Edit-1-1462x836.jpg 1462w, https:\/\/doriskemptner.com\/wp-content\/uploads\/2023\/07\/312A0429-Edit-Edit-1-300x171.jpg 300w, https:\/\/doriskemptner.com\/wp-content\/uploads\/2023\/07\/312A0429-Edit-Edit-1-1024x585.jpg 1024w, https:\/\/doriskemptner.com\/wp-content\/uploads\/2023\/07\/312A0429-Edit-Edit-1-768x439.jpg 768w, https:\/\/doriskemptner.com\/wp-content\/uploads\/2023\/07\/312A0429-Edit-Edit-1-1536x878.jpg 1536w\" sizes=\"(max-width: 2000px) 100vw, 2000px\" \/>\t\t\t\t\t\t\t<\/div>\n\t\t\t\t\t\t\n\t\t\t\t\t\t<div class=\"bdt-slide-desc bdt-position-large bdt-position-center bdt-position-z-index\">\n\n\t\t\t\t\t\t\t\n\t\t\t\t\t\t\t\n\t\t\t\t\t\t\t\t\t\t\t\t\t<\/div>\n\n\t\t\t\t\t\n\t\t\t\t<\/div>\n\t\t\t\n\t\t\t\t\t\t\t\t<div class=\"bdt-slide-item swiper-slide bdt-slide-effect-left\">\n\n\t\t\t\t\t\n\t\t\t\t\t\t\t\t\t\t\t\t\t<div class=\"bdt-slider-image-wrapper\">\n\t\t\t\t\t\t\t\t<img decoding=\"async\" width=\"2000\" height=\"1143\" src=\"https:\/\/doriskemptner.com\/wp-content\/uploads\/2023\/07\/312A0242-Edit-1.jpg\" class=\"bdt-cover\" alt=\"\" data-bdt-cover=\"1\" srcset=\"https:\/\/doriskemptner.com\/wp-content\/uploads\/2023\/07\/312A0242-Edit-1.jpg 2000w, https:\/\/doriskemptner.com\/wp-content\/uploads\/2023\/07\/312A0242-Edit-1-1462x836.jpg 1462w, https:\/\/doriskemptner.com\/wp-content\/uploads\/2023\/07\/312A0242-Edit-1-300x171.jpg 300w, https:\/\/doriskemptner.com\/wp-content\/uploads\/2023\/07\/312A0242-Edit-1-1024x585.jpg 1024w, https:\/\/doriskemptner.com\/wp-content\/uploads\/2023\/07\/312A0242-Edit-1-768x439.jpg 768w, https:\/\/doriskemptner.com\/wp-content\/uploads\/2023\/07\/312A0242-Edit-1-1536x878.jpg 1536w\" sizes=\"(max-width: 2000px) 100vw, 2000px\" \/>\t\t\t\t\t\t\t<\/div>\n\t\t\t\t\t\t\n\t\t\t\t\t\t<div class=\"bdt-slide-desc bdt-position-large bdt-position-center bdt-position-z-index\">\n\n\t\t\t\t\t\t\t\n\t\t\t\t\t\t\t\n\t\t\t\t\t\t\t\t\t\t\t\t\t<\/div>\n\n\t\t\t\t\t\n\t\t\t\t<\/div>\n\t\t\t\n\t\t\t\t\t\t\t\t<div class=\"bdt-slide-item swiper-slide bdt-slide-effect-left\">\n\n\t\t\t\t\t\n\t\t\t\t\t\t\t\t\t\t\t\t\t<div class=\"bdt-slider-image-wrapper\">\n\t\t\t\t\t\t\t\t<img loading=\"lazy\" decoding=\"async\" width=\"2000\" height=\"1143\" src=\"https:\/\/doriskemptner.com\/wp-content\/uploads\/2023\/07\/312A0179-Edit-1.jpg\" class=\"bdt-cover\" alt=\"\" data-bdt-cover=\"1\" srcset=\"https:\/\/doriskemptner.com\/wp-content\/uploads\/2023\/07\/312A0179-Edit-1.jpg 2000w, https:\/\/doriskemptner.com\/wp-content\/uploads\/2023\/07\/312A0179-Edit-1-1462x836.jpg 1462w, https:\/\/doriskemptner.com\/wp-content\/uploads\/2023\/07\/312A0179-Edit-1-300x171.jpg 300w, https:\/\/doriskemptner.com\/wp-content\/uploads\/2023\/07\/312A0179-Edit-1-1024x585.jpg 1024w, https:\/\/doriskemptner.com\/wp-content\/uploads\/2023\/07\/312A0179-Edit-1-768x439.jpg 768w, https:\/\/doriskemptner.com\/wp-content\/uploads\/2023\/07\/312A0179-Edit-1-1536x878.jpg 1536w\" sizes=\"(max-width: 2000px) 100vw, 2000px\" \/>\t\t\t\t\t\t\t<\/div>\n\t\t\t\t\t\t\n\t\t\t\t\t\t<div class=\"bdt-slide-desc bdt-position-large bdt-position-center bdt-position-z-index\">\n\n\t\t\t\t\t\t\t\n\t\t\t\t\t\t\t\n\t\t\t\t\t\t\t\t\t\t\t\t\t<\/div>\n\n\t\t\t\t\t\n\t\t\t\t<\/div>\n\t\t\t\n\t\t\t\t\t\t\t\t<div class=\"bdt-slide-item swiper-slide bdt-slide-effect-left\">\n\n\t\t\t\t\t\n\t\t\t\t\t\t\t\t\t\t\t\t\t<div class=\"bdt-slider-image-wrapper\">\n\t\t\t\t\t\t\t\t<img loading=\"lazy\" decoding=\"async\" width=\"2000\" height=\"1143\" src=\"https:\/\/doriskemptner.com\/wp-content\/uploads\/2023\/07\/312A4382-Edit.jpg\" class=\"bdt-cover\" alt=\"\" data-bdt-cover=\"1\" srcset=\"https:\/\/doriskemptner.com\/wp-content\/uploads\/2023\/07\/312A4382-Edit.jpg 2000w, https:\/\/doriskemptner.com\/wp-content\/uploads\/2023\/07\/312A4382-Edit-1462x836.jpg 1462w, https:\/\/doriskemptner.com\/wp-content\/uploads\/2023\/07\/312A4382-Edit-300x171.jpg 300w, https:\/\/doriskemptner.com\/wp-content\/uploads\/2023\/07\/312A4382-Edit-1024x585.jpg 1024w, https:\/\/doriskemptner.com\/wp-content\/uploads\/2023\/07\/312A4382-Edit-768x439.jpg 768w, https:\/\/doriskemptner.com\/wp-content\/uploads\/2023\/07\/312A4382-Edit-1536x878.jpg 1536w\" sizes=\"(max-width: 2000px) 100vw, 2000px\" \/>\t\t\t\t\t\t\t<\/div>\n\t\t\t\t\t\t\n\t\t\t\t\t\t<div class=\"bdt-slide-desc bdt-position-large bdt-position-center bdt-position-z-index\">\n\n\t\t\t\t\t\t\t\n\t\t\t\t\t\t\t\n\t\t\t\t\t\t\t\t\t\t\t\t\t<\/div>\n\n\t\t\t\t\t\n\t\t\t\t<\/div>\n\t\t\t\t\t<\/div>\n\t\t\t\t\t\t\t<\/div>\n\t\t\t\t\t\t\t\t\t\t\t\t\t\t\t\t<\/div>\n\n\t\t\t\t\t<\/div>\n\t\t\t\t<\/div>\n\t\t\t\t\t<\/div>\n\t\t<\/div>\n\t\t\t\t\t<\/div>\n\t\t<\/section>\n\t\t\t\t<section class=\"elementor-section elementor-top-section elementor-element elementor-element-4031160 elementor-section-full_width elementor-section-height-default elementor-section-height-default\" data-id=\"4031160\" data-element_type=\"section\">\n\t\t\t\t\t\t<div class=\"elementor-container elementor-column-gap-no\">\n\t\t\t\t\t<div class=\"elementor-column elementor-col-100 elementor-top-column elementor-element elementor-element-a67b010\" data-id=\"a67b010\" data-element_type=\"column\">\n\t\t\t<div class=\"elementor-widget-wrap elementor-element-populated\">\n\t\t\t\t\t\t<section class=\"elementor-section elementor-inner-section elementor-element elementor-element-c64bec3 elementor-section-boxed elementor-section-height-default elementor-section-height-default\" data-id=\"c64bec3\" data-element_type=\"section\" data-settings=\"{&quot;background_background&quot;:&quot;classic&quot;}\">\n\t\t\t\t\t\t\t<div class=\"elementor-background-overlay\"><\/div>\n\t\t\t\t\t\t\t<div class=\"elementor-container elementor-column-gap-default\">\n\t\t\t\t\t<div class=\"elementor-column elementor-col-100 elementor-inner-column elementor-element elementor-element-b1bf558\" data-id=\"b1bf558\" data-element_type=\"column\">\n\t\t\t<div class=\"elementor-widget-wrap elementor-element-populated\">\n\t\t\t\t\t\t<div class=\"elementor-element elementor-element-b3f06cb elementor-invisible elementor-widget elementor-widget-heading\" data-id=\"b3f06cb\" data-element_type=\"widget\" data-settings=\"{&quot;ep_widget_cf_confetti&quot;:&quot;yes&quot;,&quot;ep_widget_cf_start_velocity&quot;:{&quot;unit&quot;:&quot;px&quot;,&quot;size&quot;:50,&quot;sizes&quot;:[]},&quot;ep_widget_cf_colors&quot;:&quot;#D30C5C, #0EBCDC, #EAED41, #ED5A78, #DF33DF&quot;,&quot;_animation&quot;:&quot;slideInRight&quot;,&quot;ep_widget_cf_type&quot;:&quot;basic&quot;,&quot;ep_widget_cf_particle_count&quot;:{&quot;unit&quot;:&quot;px&quot;,&quot;size&quot;:&quot;&quot;,&quot;sizes&quot;:[]},&quot;ep_widget_cf_spread&quot;:{&quot;unit&quot;:&quot;px&quot;,&quot;size&quot;:&quot;&quot;,&quot;sizes&quot;:[]},&quot;ep_widget_cf_trigger_type&quot;:&quot;load&quot;}\" data-widget_type=\"heading.default\">\n\t\t\t\t<div class=\"elementor-widget-container\">\n\t\t\t\t\t<h2 class=\"elementor-heading-title elementor-size-default\">\u00dcber Doris<\/h2>\t\t\t\t<\/div>\n\t\t\t\t<\/div>\n\t\t\t\t<div class=\"elementor-element elementor-element-b77daa4 elementor-widget elementor-widget-text-editor\" data-id=\"b77daa4\" data-element_type=\"widget\" data-widget_type=\"text-editor.default\">\n\t\t\t\t<div class=\"elementor-widget-container\">\n\t\t\t\t\t\t\t\t\t<p>Mag. phil. Doris Kemptner ist eine intuitive Heilerin, die aus ihrer langen Reise rund um den Globus sowie aus ihrer hochkar\u00e4tigen Modelkarriere mit zahlreichen \u00f6ffentlichen Medienauftritten hervorgegangen ist. Sie verbindet dieses Wissen und die umfangreichen Ausbildungen, die sie auf ihrem Weg gesammelt hat, mit ihren nat\u00fcrlichen Heilf\u00e4higkeiten und ihrer Liebe.<\/p><p>Buchungen f\u00fcr Reiki-Behandlungen und Kurse, Yogastunden, Rebirthing-Sitzungen, philosophische Gespr\u00e4che, Yoni-Ei-Workshops, Fotoshootings und \u00f6ffentliche Medienauftritte mit Doris k\u00f6nnen ganz einfach online vorgenommen werden.<\/p><p>Wenn Du Interesse am Model-Portfolio von Doris hast, folge bitte diesem Link:<\/p>\t\t\t\t\t\t\t\t<\/div>\n\t\t\t\t<\/div>\n\t\t\t\t<div class=\"elementor-element elementor-element-ab7709d elementor-align-center elementor-widget elementor-widget-button\" data-id=\"ab7709d\" data-element_type=\"widget\" data-widget_type=\"button.default\">\n\t\t\t\t<div class=\"elementor-widget-container\">\n\t\t\t\t\t\t\t\t\t<div class=\"elementor-button-wrapper\">\n\t\t\t\t\t<a class=\"elementor-button elementor-button-link elementor-size-sm elementor-animation-grow\" href=\"https:\/\/doriskemptner.com\/de\/media\/\">\n\t\t\t\t\t\t<span class=\"elementor-button-content-wrapper\">\n\t\t\t\t\t\t\t\t\t<span class=\"elementor-button-text\">Model-Portfolio<\/span>\n\t\t\t\t\t<\/span>\n\t\t\t\t\t<\/a>\n\t\t\t\t<\/div>\n\t\t\t\t\t\t\t\t<\/div>\n\t\t\t\t<\/div>\n\t\t\t\t\t<\/div>\n\t\t<\/div>\n\t\t\t\t\t<\/div>\n\t\t<\/section>\n\t\t\t\t\t<\/div>\n\t\t<\/div>\n\t\t\t\t\t<\/div>\n\t\t<\/section>\n\t\t\t\t<\/div>","protected":false},"excerpt":{"rendered":"<p>About Doris Mag. phil. Doris Kemptner is an intuitive healer arising from her long journey of travels around the globe and from her high profile modelling career including a wide range of public media appearances. She combines this knowledge and extensive training that she gained along the way with her natural healing skills and love. [&hellip;]<\/p>","protected":false},"author":1,"featured_media":0,"parent":0,"menu_order":0,"comment_status":"closed","ping_status":"closed","template":"elementor_header_footer","meta":{"footnotes":""},"class_list":["post-8","page","type-page","status-publish","hentry","entry","owp-thumbs-layout-horizontal","owp-btn-big","owp-tabs-layout-horizontal","has-no-thumbnails","has-product-nav"],"_links":{"self":[{"href":"https:\/\/doriskemptner.com\/de\/wp-json\/wp\/v2\/pages\/8","targetHints":{"allow":["GET"]}}],"collection":[{"href":"https:\/\/doriskemptner.com\/de\/wp-json\/wp\/v2\/pages"}],"about":[{"href":"https:\/\/doriskemptner.com\/de\/wp-json\/wp\/v2\/types\/page"}],"author":[{"embeddable":true,"href":"https:\/\/doriskemptner.com\/de\/wp-json\/wp\/v2\/users\/1"}],"replies":[{"embeddable":true,"href":"https:\/\/doriskemptner.com\/de\/wp-json\/wp\/v2\/comments?post=8"}],"version-history":[{"count":68,"href":"https:\/\/doriskemptner.com\/de\/wp-json\/wp\/v2\/pages\/8\/revisions"}],"predecessor-version":[{"id":2899,"href":"https:\/\/doriskemptner.com\/de\/wp-json\/wp\/v2\/pages\/8\/revisions\/2899"}],"wp:attachment":[{"href":"https:\/\/doriskemptner.com\/de\/wp-json\/wp\/v2\/media?parent=8"}],"curies":[{"name":"wp","href":"https:\/\/api.w.org\/{rel}","templated":true}]}}